{"id":555,"date":"2026-01-26T14:58:27","date_gmt":"2026-01-26T14:58:27","guid":{"rendered":"https:\/\/oroyolivo.com\/politica-de-privacidad\/"},"modified":"2026-03-03T11:40:06","modified_gmt":"2026-03-03T11:40:06","slug":"privacy-policy","status":"publish","type":"page","link":"https:\/\/oroyolivo.com\/en\/privacy-policy\/","title":{"rendered":"PRIVACY POLICY"},"content":{"rendered":"<div class=\"wpb-content-wrapper\">[vc_row][vc_column][vc_column_text css=&#8221;&#8221;]\n<h1 data-start=\"2130\" data-end=\"2154\">PRIVACY POLICY<\/h1>\n<h2 data-start=\"2156\" data-end=\"2189\">1. Data controller<\/h2>\n<ul data-start=\"2191\" data-end=\"2351\">\n<li data-start=\"2191\" data-end=\"2231\">\n<p data-start=\"2193\" data-end=\"2231\">Controller: Fernando Cifuentes Ba\u00f1\u00f3<\/p>\n<\/li>\n<li data-start=\"2232\" data-end=\"2251\">\n<p data-start=\"2234\" data-end=\"2251\">ID (DNI): 52657973-W<\/p>\n<\/li>\n<li data-start=\"2252\" data-end=\"2321\">\n<p data-start=\"2254\" data-end=\"2321\">Address: Calle San Juan de \u00c1vila 18-1, 46810 Enguera (Valencia)<\/p>\n<\/li>\n<li data-start=\"2322\" data-end=\"2351\">\n<p data-start=\"2324\" data-end=\"2351\">Email: <a class=\"decorated-link cursor-pointer\" rel=\"noopener\" data-start=\"2331\" data-end=\"2349\">info@oroyolivo.com<\/a><\/p>\n<\/li>\n<\/ul>\n<hr data-start=\"2353\" data-end=\"2356\" \/>\n<h2 data-start=\"2358\" data-end=\"2384\">2. Data collected<\/h2>\n<p data-start=\"2386\" data-end=\"2457\">The following personal data may be collected through this website:<\/p>\n<ul data-start=\"2459\" data-end=\"2614\">\n<li data-start=\"2459\" data-end=\"2481\">\n<p data-start=\"2461\" data-end=\"2481\">First and last name<\/p>\n<\/li>\n<li data-start=\"2482\" data-end=\"2504\">\n<p data-start=\"2484\" data-end=\"2504\">Shipping address<\/p>\n<\/li>\n<li data-start=\"2505\" data-end=\"2533\">\n<p data-start=\"2507\" data-end=\"2533\">Billing address<\/p>\n<\/li>\n<li data-start=\"2534\" data-end=\"2546\">\n<p data-start=\"2536\" data-end=\"2546\">Phone number<\/p>\n<\/li>\n<li data-start=\"2547\" data-end=\"2569\">\n<p data-start=\"2549\" data-end=\"2569\">Email address<\/p>\n<\/li>\n<li data-start=\"2570\" data-end=\"2614\">\n<p data-start=\"2572\" data-end=\"2614\">Data necessary for the payment process<\/p>\n<\/li>\n<\/ul>\n<hr data-start=\"2616\" data-end=\"2619\" \/>\n<h2 data-start=\"2621\" data-end=\"2652\">3. Purpose of processing<\/h2>\n<p data-start=\"2654\" data-end=\"2709\">Personal data will be used exclusively to:<\/p>\n<ul data-start=\"2711\" data-end=\"2965\">\n<li data-start=\"2711\" data-end=\"2746\">\n<p data-start=\"2713\" data-end=\"2746\">Manage the purchase process.<\/p>\n<\/li>\n<li data-start=\"2747\" data-end=\"2797\">\n<p data-start=\"2749\" data-end=\"2797\">Process the shipment of purchased products.<\/p>\n<\/li>\n<li data-start=\"2798\" data-end=\"2849\">\n<p data-start=\"2800\" data-end=\"2849\">Handle inquiries or requests for information.<\/p>\n<\/li>\n<li data-start=\"2850\" data-end=\"2965\">\n<p data-start=\"2852\" data-end=\"2965\">Send promotions and commercial offers related to our products, when the user has accepted it.<\/p>\n<\/li>\n<\/ul>\n<p data-start=\"2967\" data-end=\"3050\">The data will not be transferred to third parties under any circumstances, except by legal obligation.<\/p>\n<hr data-start=\"3052\" data-end=\"3055\" \/>\n<h2 data-start=\"3057\" data-end=\"3073\">4. Legal basis<\/h2>\n<p data-start=\"3075\" data-end=\"3125\">The legal basis for the processing of data is:<\/p>\n<ul data-start=\"3127\" data-end=\"3252\">\n<li data-start=\"3127\" data-end=\"3172\">\n<p data-start=\"3129\" data-end=\"3172\">The execution of the sales contract.<\/p>\n<\/li>\n<li data-start=\"3173\" data-end=\"3252\">\n<p data-start=\"3175\" data-end=\"3252\">The consent of the interested party for the sending of commercial communications.<\/p>\n<\/li>\n<\/ul>\n<hr data-start=\"3254\" data-end=\"3257\" \/>\n<h2 data-start=\"3259\" data-end=\"3290\">5. Data retention<\/h2>\n<p data-start=\"3292\" data-end=\"3479\">Data will be kept for the time necessary to fulfill the purpose for which it was collected and during the periods legally established for tax and commercial matters.<\/p>\n<hr data-start=\"3481\" data-end=\"3484\" \/>\n<h2 data-start=\"3486\" data-end=\"3512\">6. User rights<\/h2>\n<p data-start=\"3514\" data-end=\"3576\">The user may exercise their rights at any time for:<\/p>\n<ul data-start=\"3578\" data-end=\"3682\">\n<li data-start=\"3578\" data-end=\"3588\">\n<p data-start=\"3580\" data-end=\"3588\">Access<\/p>\n<\/li>\n<li data-start=\"3589\" data-end=\"3606\">\n<p data-start=\"3591\" data-end=\"3606\">Rectification<\/p>\n<\/li>\n<li data-start=\"3607\" data-end=\"3620\">\n<p data-start=\"3609\" data-end=\"3620\">Deletion<\/p>\n<\/li>\n<li data-start=\"3621\" data-end=\"3651\">\n<p data-start=\"3623\" data-end=\"3651\">Limitation of processing<\/p>\n<\/li>\n<li data-start=\"3652\" data-end=\"3665\">\n<p data-start=\"3654\" data-end=\"3665\">Objection<\/p>\n<\/li>\n<li data-start=\"3666\" data-end=\"3682\">\n<p data-start=\"3668\" data-end=\"3682\">Portability<\/p>\n<\/li>\n<\/ul>\n<p data-start=\"3684\" data-end=\"3768\">To do so, a request may be sent along with a copy of the ID (DNI) to: <a class=\"decorated-link cursor-pointer\" rel=\"noopener\" data-start=\"3750\" data-end=\"3768\">info@oroyolivo.com<\/a><\/p>\n<p data-start=\"3770\" data-end=\"3906\">Likewise, a complaint may be filed with the Spanish Data Protection Agency if the user considers that their rights have been violated.<\/p>\n<hr data-start=\"3908\" data-end=\"3911\" \/>\n<h2 data-start=\"3913\" data-end=\"3928\">7. Security<\/h2>\n<p data-start=\"3930\" data-end=\"4102\">The necessary technical and organizational measures have been adopted to guarantee the security of personal data and prevent its alteration, loss, or unauthorized access.<\/p>\n<hr data-start=\"4104\" data-end=\"4107\" \/>\n<h1 data-start=\"4109\" data-end=\"4130\"><\/h1>\n<p>&nbsp;<\/p>\n[\/vc_column_text][\/vc_column][\/vc_row]\n<\/div>","protected":false},"excerpt":{"rendered":"[vc_row][vc_column][vc_column_text css=&#8221;&#8221;] PRIVACY POLICY 1. Data controller Controller: Fernando Cifuentes Ba\u00f1\u00f3 ID (DNI): 52657973-W Address: Calle San Juan de \u00c1vila 18-1, 46810 Enguera (Valencia) Email: info@oroyolivo.com 2. Data collected The following personal data may be collected through this website: First and last name Shipping address Billing address Phone number Email address Data necessary for the [&#8230;]\n","protected":false},"author":1,"featured_media":0,"parent":0,"menu_order":0,"comment_status":"closed","ping_status":"closed","template":"","meta":{"footnotes":""},"class_list":["post-555","page","type-page","status-publish","hentry"],"yoast_head":"<!-- This site is optimized with the Yoast SEO plugin v27.5 - https:\/\/yoast.com\/product\/yoast-seo-wordpress\/ -->\n<title>PRIVACY POLICY - oroyolivo.com<\/title>\n<meta name=\"robots\" content=\"index, follow, max-snippet:-1, max-image-preview:large, max-video-preview:-1\" \/>\n<link rel=\"canonical\" href=\"https:\/\/oroyolivo.com\/en\/privacy-policy\/\" \/>\n<meta property=\"og:locale\" content=\"en_US\" \/>\n<meta property=\"og:type\" content=\"article\" \/>\n<meta property=\"og:title\" content=\"PRIVACY POLICY - oroyolivo.com\" \/>\n<meta property=\"og:description\" content=\"[vc_row][vc_column][vc_column_text css=&#8221;&#8221;] PRIVACY POLICY 1. Data controller Controller: Fernando Cifuentes Ba\u00f1\u00f3 ID (DNI): 52657973-W Address: Calle San Juan de \u00c1vila 18-1, 46810 Enguera (Valencia) Email: info@oroyolivo.com 2. Data collected The following personal data may be collected through this website: First and last name Shipping address Billing address Phone number Email address Data necessary for the [...]\" \/>\n<meta property=\"og:url\" content=\"https:\/\/oroyolivo.com\/en\/privacy-policy\/\" \/>\n<meta property=\"og:site_name\" content=\"oroyolivo.com\" \/>\n<meta property=\"article:modified_time\" content=\"2026-03-03T11:40:06+00:00\" \/>\n<meta name=\"twitter:card\" content=\"summary_large_image\" \/>\n<meta name=\"twitter:label1\" content=\"Est. reading time\" \/>\n\t<meta name=\"twitter:data1\" content=\"1 minute\" \/>\n<script type=\"application\/ld+json\" class=\"yoast-schema-graph\">{\"@context\":\"https:\\\/\\\/schema.org\",\"@graph\":[{\"@type\":\"WebPage\",\"@id\":\"https:\\\/\\\/oroyolivo.com\\\/en\\\/privacy-policy\\\/\",\"url\":\"https:\\\/\\\/oroyolivo.com\\\/en\\\/privacy-policy\\\/\",\"name\":\"PRIVACY POLICY - oroyolivo.com\",\"isPartOf\":{\"@id\":\"https:\\\/\\\/oroyolivo.com\\\/en\\\/#website\"},\"datePublished\":\"2026-01-26T14:58:27+00:00\",\"dateModified\":\"2026-03-03T11:40:06+00:00\",\"breadcrumb\":{\"@id\":\"https:\\\/\\\/oroyolivo.com\\\/en\\\/privacy-policy\\\/#breadcrumb\"},\"inLanguage\":\"en-US\",\"potentialAction\":[{\"@type\":\"ReadAction\",\"target\":[\"https:\\\/\\\/oroyolivo.com\\\/en\\\/privacy-policy\\\/\"]}]},{\"@type\":\"BreadcrumbList\",\"@id\":\"https:\\\/\\\/oroyolivo.com\\\/en\\\/privacy-policy\\\/#breadcrumb\",\"itemListElement\":[{\"@type\":\"ListItem\",\"position\":1,\"name\":\"Portada\",\"item\":\"https:\\\/\\\/oroyolivo.com\\\/en\\\/\"},{\"@type\":\"ListItem\",\"position\":2,\"name\":\"PRIVACY POLICY\"}]},{\"@type\":\"WebSite\",\"@id\":\"https:\\\/\\\/oroyolivo.com\\\/en\\\/#website\",\"url\":\"https:\\\/\\\/oroyolivo.com\\\/en\\\/\",\"name\":\"oroyolivo.com\",\"description\":\"\",\"publisher\":{\"@id\":\"https:\\\/\\\/oroyolivo.com\\\/en\\\/#organization\"},\"potentialAction\":[{\"@type\":\"SearchAction\",\"target\":{\"@type\":\"EntryPoint\",\"urlTemplate\":\"https:\\\/\\\/oroyolivo.com\\\/en\\\/?s={search_term_string}\"},\"query-input\":{\"@type\":\"PropertyValueSpecification\",\"valueRequired\":true,\"valueName\":\"search_term_string\"}}],\"inLanguage\":\"en-US\"},{\"@type\":\"Organization\",\"@id\":\"https:\\\/\\\/oroyolivo.com\\\/en\\\/#organization\",\"name\":\"ORO Y OLIVO\",\"url\":\"https:\\\/\\\/oroyolivo.com\\\/en\\\/\",\"logo\":{\"@type\":\"ImageObject\",\"inLanguage\":\"en-US\",\"@id\":\"https:\\\/\\\/oroyolivo.com\\\/en\\\/#\\\/schema\\\/logo\\\/image\\\/\",\"url\":\"https:\\\/\\\/oroyolivo.com\\\/wp-content\\\/uploads\\\/2026\\\/02\\\/Logo-OROYOLIVO_color@72x.png\",\"contentUrl\":\"https:\\\/\\\/oroyolivo.com\\\/wp-content\\\/uploads\\\/2026\\\/02\\\/Logo-OROYOLIVO_color@72x.png\",\"width\":842,\"height\":596,\"caption\":\"ORO Y OLIVO\"},\"image\":{\"@id\":\"https:\\\/\\\/oroyolivo.com\\\/en\\\/#\\\/schema\\\/logo\\\/image\\\/\"}}]}<\/script>\n<!-- \/ Yoast SEO plugin. -->","yoast_head_json":{"title":"PRIVACY POLICY - oroyolivo.com","robots":{"index":"index","follow":"follow","max-snippet":"max-snippet:-1","max-image-preview":"max-image-preview:large","max-video-preview":"max-video-preview:-1"},"canonical":"https:\/\/oroyolivo.com\/en\/privacy-policy\/","og_locale":"en_US","og_type":"article","og_title":"PRIVACY POLICY - oroyolivo.com","og_description":"[vc_row][vc_column][vc_column_text css=&#8221;&#8221;] PRIVACY POLICY 1. Data controller Controller: Fernando Cifuentes Ba\u00f1\u00f3 ID (DNI): 52657973-W Address: Calle San Juan de \u00c1vila 18-1, 46810 Enguera (Valencia) Email: info@oroyolivo.com 2. Data collected The following personal data may be collected through this website: First and last name Shipping address Billing address Phone number Email address Data necessary for the [...]","og_url":"https:\/\/oroyolivo.com\/en\/privacy-policy\/","og_site_name":"oroyolivo.com","article_modified_time":"2026-03-03T11:40:06+00:00","twitter_card":"summary_large_image","twitter_misc":{"Est. reading time":"1 minute"},"schema":{"@context":"https:\/\/schema.org","@graph":[{"@type":"WebPage","@id":"https:\/\/oroyolivo.com\/en\/privacy-policy\/","url":"https:\/\/oroyolivo.com\/en\/privacy-policy\/","name":"PRIVACY POLICY - oroyolivo.com","isPartOf":{"@id":"https:\/\/oroyolivo.com\/en\/#website"},"datePublished":"2026-01-26T14:58:27+00:00","dateModified":"2026-03-03T11:40:06+00:00","breadcrumb":{"@id":"https:\/\/oroyolivo.com\/en\/privacy-policy\/#breadcrumb"},"inLanguage":"en-US","potentialAction":[{"@type":"ReadAction","target":["https:\/\/oroyolivo.com\/en\/privacy-policy\/"]}]},{"@type":"BreadcrumbList","@id":"https:\/\/oroyolivo.com\/en\/privacy-policy\/#breadcrumb","itemListElement":[{"@type":"ListItem","position":1,"name":"Portada","item":"https:\/\/oroyolivo.com\/en\/"},{"@type":"ListItem","position":2,"name":"PRIVACY POLICY"}]},{"@type":"WebSite","@id":"https:\/\/oroyolivo.com\/en\/#website","url":"https:\/\/oroyolivo.com\/en\/","name":"oroyolivo.com","description":"","publisher":{"@id":"https:\/\/oroyolivo.com\/en\/#organization"},"potentialAction":[{"@type":"SearchAction","target":{"@type":"EntryPoint","urlTemplate":"https:\/\/oroyolivo.com\/en\/?s={search_term_string}"},"query-input":{"@type":"PropertyValueSpecification","valueRequired":true,"valueName":"search_term_string"}}],"inLanguage":"en-US"},{"@type":"Organization","@id":"https:\/\/oroyolivo.com\/en\/#organization","name":"ORO Y OLIVO","url":"https:\/\/oroyolivo.com\/en\/","logo":{"@type":"ImageObject","inLanguage":"en-US","@id":"https:\/\/oroyolivo.com\/en\/#\/schema\/logo\/image\/","url":"https:\/\/oroyolivo.com\/wp-content\/uploads\/2026\/02\/Logo-OROYOLIVO_color@72x.png","contentUrl":"https:\/\/oroyolivo.com\/wp-content\/uploads\/2026\/02\/Logo-OROYOLIVO_color@72x.png","width":842,"height":596,"caption":"ORO Y OLIVO"},"image":{"@id":"https:\/\/oroyolivo.com\/en\/#\/schema\/logo\/image\/"}}]}},"_links":{"self":[{"href":"https:\/\/oroyolivo.com\/en\/wp-json\/wp\/v2\/pages\/555","targetHints":{"allow":["GET"]}}],"collection":[{"href":"https:\/\/oroyolivo.com\/en\/wp-json\/wp\/v2\/pages"}],"about":[{"href":"https:\/\/oroyolivo.com\/en\/wp-json\/wp\/v2\/types\/page"}],"author":[{"embeddable":true,"href":"https:\/\/oroyolivo.com\/en\/wp-json\/wp\/v2\/users\/1"}],"replies":[{"embeddable":true,"href":"https:\/\/oroyolivo.com\/en\/wp-json\/wp\/v2\/comments?post=555"}],"version-history":[{"count":2,"href":"https:\/\/oroyolivo.com\/en\/wp-json\/wp\/v2\/pages\/555\/revisions"}],"predecessor-version":[{"id":557,"href":"https:\/\/oroyolivo.com\/en\/wp-json\/wp\/v2\/pages\/555\/revisions\/557"}],"wp:attachment":[{"href":"https:\/\/oroyolivo.com\/en\/wp-json\/wp\/v2\/media?parent=555"}],"curies":[{"name":"wp","href":"https:\/\/api.w.org\/{rel}","templated":true}]}}