{"id":538,"date":"2026-02-25T14:22:22","date_gmt":"2026-02-25T14:22:22","guid":{"rendered":"https:\/\/oroyolivo.com\/aviso-legal\/"},"modified":"2026-03-03T11:33:18","modified_gmt":"2026-03-03T11:33:18","slug":"legal-notice","status":"publish","type":"page","link":"https:\/\/oroyolivo.com\/en\/legal-notice\/","title":{"rendered":"LEGAL NOTICE"},"content":{"rendered":"<div class=\"wpb-content-wrapper\">[vc_row][vc_column][vc_row_inner][vc_column_inner][vc_column_text css=&#8221;&#8221;]\n<h1 data-start=\"217\" data-end=\"230\">LEGAL NOTICE<\/h1>\n<h2 data-start=\"232\" data-end=\"259\">1. Identifying data<\/h2>\n<p data-start=\"261\" data-end=\"465\">In compliance with the duty of information established in Article 10 of Law 34\/2002, of July 11, on Information Society Services and Electronic Commerce (LSSI-CE), it is reported that:<\/p>\n<ul data-start=\"467\" data-end=\"719\">\n<li data-start=\"467\" data-end=\"507\">\n<p data-start=\"469\" data-end=\"507\">Owner: <strong data-start=\"478\" data-end=\"505\">Fernando Cifuentes Ba\u00f1\u00f3<\/strong><\/p>\n<\/li>\n<li data-start=\"508\" data-end=\"531\">\n<p data-start=\"510\" data-end=\"531\">ID (DNI): <strong data-start=\"515\" data-end=\"529\">52657973-W<\/strong><\/p>\n<\/li>\n<li data-start=\"532\" data-end=\"609\">\n<p data-start=\"534\" data-end=\"609\">Address: Calle San Juan de \u00c1vila 18-1, 46810 Enguera (Valencia), Spain<\/p>\n<\/li>\n<li data-start=\"610\" data-end=\"652\">\n<p data-start=\"612\" data-end=\"652\">Email: <a class=\"decorated-link cursor-pointer\" rel=\"noopener\" data-start=\"632\" data-end=\"650\">info@oroyolivo.com<\/a><\/p>\n<\/li>\n<li data-start=\"653\" data-end=\"683\">\n<p data-start=\"655\" data-end=\"683\">Phone: +34 636 85 78 28<\/p>\n<\/li>\n<li data-start=\"684\" data-end=\"719\">\n<p data-start=\"686\" data-end=\"719\">Website: <a class=\"decorated-link\" href=\"https:\/\/oroyolivo.com\/en\/\" target=\"_new\" rel=\"noopener\" data-start=\"697\" data-end=\"719\">https:\/\/oroyolivo.com\/<\/a><\/p>\n<\/li>\n<\/ul>\n<p data-start=\"721\" data-end=\"794\">This Legal Notice regulates the access, navigation, and use of the website.<\/p>\n<hr data-start=\"796\" data-end=\"799\" \/>\n<h2 data-start=\"801\" data-end=\"825\">2. Terms of use<\/h2>\n<p data-start=\"827\" data-end=\"1004\">Accessing and browsing this website attributes the condition of user and implies full and unreserved acceptance of all provisions included in this Legal Notice.<\/p>\n<p data-start=\"1006\" data-end=\"1130\">The user undertakes to make appropriate use of the contents and services offered, refraining from using them to:<\/p>\n<ul data-start=\"1132\" data-end=\"1391\">\n<li data-start=\"1132\" data-end=\"1212\">\n<p data-start=\"1134\" data-end=\"1212\">Carry out illegal activities or those contrary to good faith and public order.<\/p>\n<\/li>\n<li data-start=\"1213\" data-end=\"1292\">\n<p data-start=\"1215\" data-end=\"1292\">Cause damage to the physical or logical systems of the owner or third parties.<\/p>\n<\/li>\n<li data-start=\"1293\" data-end=\"1391\">\n<p data-start=\"1295\" data-end=\"1391\">Introduce or spread computer viruses or any other system capable of causing damage.<\/p>\n<\/li>\n<\/ul>\n<hr data-start=\"1393\" data-end=\"1396\" \/>\n<h2 data-start=\"1398\" data-end=\"1438\">3. Intellectual and industrial property<\/h2>\n<p data-start=\"1440\" data-end=\"1606\">All contents of the website (texts, images, logos, design, structure, etc.) are the property of the owner or they have the necessary rights for their use.<\/p>\n<p data-start=\"1608\" data-end=\"1706\">Their reproduction, distribution, or modification without express authorization from the owner is prohibited.<\/p>\n<hr data-start=\"1708\" data-end=\"1711\" \/>\n<h2 data-start=\"1713\" data-end=\"1734\">4. Liability<\/h2>\n<p data-start=\"1736\" data-end=\"1925\">The owner is not responsible for any misuse of the website contents or for any damages that may arise from the access or use of the information contained therein.<\/p>\n<hr data-start=\"1927\" data-end=\"1930\" \/>\n<h2 data-start=\"1932\" data-end=\"1959\">5. Applicable law<\/h2>\n<p data-start=\"1961\" data-end=\"2123\">The relationship between the owner and the user shall be governed by current Spanish regulations. Any controversy will be submitted to the Courts and Tribunals of Valencia.<\/p>\n[\/vc_column_text][\/vc_column_inner][\/vc_row_inner][\/vc_column][\/vc_row]\n<\/div>","protected":false},"excerpt":{"rendered":"[vc_row][vc_column][vc_row_inner][vc_column_inner][vc_column_text css=&#8221;&#8221;] LEGAL NOTICE 1. Identifying data In compliance with the duty of information established in Article 10 of Law 34\/2002, of July 11, on Information Society Services and Electronic Commerce (LSSI-CE), it is reported that: Owner: Fernando Cifuentes Ba\u00f1\u00f3 ID (DNI): 52657973-W Address: Calle San Juan de \u00c1vila 18-1, 46810 Enguera (Valencia), Spain Email: [&#8230;]\n","protected":false},"author":3,"featured_media":0,"parent":0,"menu_order":0,"comment_status":"closed","ping_status":"closed","template":"","meta":{"footnotes":""},"class_list":["post-538","page","type-page","status-publish","hentry"],"yoast_head":"<!-- This site is optimized with the Yoast SEO plugin v27.5 - https:\/\/yoast.com\/product\/yoast-seo-wordpress\/ -->\n<title>LEGAL NOTICE - oroyolivo.com<\/title>\n<meta name=\"robots\" content=\"index, follow, max-snippet:-1, max-image-preview:large, max-video-preview:-1\" \/>\n<link rel=\"canonical\" href=\"https:\/\/oroyolivo.com\/en\/legal-notice\/\" \/>\n<meta property=\"og:locale\" content=\"en_US\" \/>\n<meta property=\"og:type\" content=\"article\" \/>\n<meta property=\"og:title\" content=\"LEGAL NOTICE - oroyolivo.com\" \/>\n<meta property=\"og:description\" content=\"[vc_row][vc_column][vc_row_inner][vc_column_inner][vc_column_text css=&#8221;&#8221;] LEGAL NOTICE 1. Identifying data In compliance with the duty of information established in Article 10 of Law 34\/2002, of July 11, on Information Society Services and Electronic Commerce (LSSI-CE), it is reported that: Owner: Fernando Cifuentes Ba\u00f1\u00f3 ID (DNI): 52657973-W Address: Calle San Juan de \u00c1vila 18-1, 46810 Enguera (Valencia), Spain Email: [...]\" \/>\n<meta property=\"og:url\" content=\"https:\/\/oroyolivo.com\/en\/legal-notice\/\" \/>\n<meta property=\"og:site_name\" content=\"oroyolivo.com\" \/>\n<meta property=\"article:modified_time\" content=\"2026-03-03T11:33:18+00:00\" \/>\n<meta name=\"twitter:card\" content=\"summary_large_image\" \/>\n<meta name=\"twitter:label1\" content=\"Est. reading time\" \/>\n\t<meta name=\"twitter:data1\" content=\"1 minute\" \/>\n<script type=\"application\/ld+json\" class=\"yoast-schema-graph\">{\"@context\":\"https:\\\/\\\/schema.org\",\"@graph\":[{\"@type\":\"WebPage\",\"@id\":\"https:\\\/\\\/oroyolivo.com\\\/en\\\/legal-notice\\\/\",\"url\":\"https:\\\/\\\/oroyolivo.com\\\/en\\\/legal-notice\\\/\",\"name\":\"LEGAL NOTICE - oroyolivo.com\",\"isPartOf\":{\"@id\":\"https:\\\/\\\/oroyolivo.com\\\/en\\\/#website\"},\"datePublished\":\"2026-02-25T14:22:22+00:00\",\"dateModified\":\"2026-03-03T11:33:18+00:00\",\"breadcrumb\":{\"@id\":\"https:\\\/\\\/oroyolivo.com\\\/en\\\/legal-notice\\\/#breadcrumb\"},\"inLanguage\":\"en-US\",\"potentialAction\":[{\"@type\":\"ReadAction\",\"target\":[\"https:\\\/\\\/oroyolivo.com\\\/en\\\/legal-notice\\\/\"]}]},{\"@type\":\"BreadcrumbList\",\"@id\":\"https:\\\/\\\/oroyolivo.com\\\/en\\\/legal-notice\\\/#breadcrumb\",\"itemListElement\":[{\"@type\":\"ListItem\",\"position\":1,\"name\":\"Portada\",\"item\":\"https:\\\/\\\/oroyolivo.com\\\/en\\\/\"},{\"@type\":\"ListItem\",\"position\":2,\"name\":\"LEGAL NOTICE\"}]},{\"@type\":\"WebSite\",\"@id\":\"https:\\\/\\\/oroyolivo.com\\\/en\\\/#website\",\"url\":\"https:\\\/\\\/oroyolivo.com\\\/en\\\/\",\"name\":\"oroyolivo.com\",\"description\":\"\",\"publisher\":{\"@id\":\"https:\\\/\\\/oroyolivo.com\\\/en\\\/#organization\"},\"potentialAction\":[{\"@type\":\"SearchAction\",\"target\":{\"@type\":\"EntryPoint\",\"urlTemplate\":\"https:\\\/\\\/oroyolivo.com\\\/en\\\/?s={search_term_string}\"},\"query-input\":{\"@type\":\"PropertyValueSpecification\",\"valueRequired\":true,\"valueName\":\"search_term_string\"}}],\"inLanguage\":\"en-US\"},{\"@type\":\"Organization\",\"@id\":\"https:\\\/\\\/oroyolivo.com\\\/en\\\/#organization\",\"name\":\"ORO Y OLIVO\",\"url\":\"https:\\\/\\\/oroyolivo.com\\\/en\\\/\",\"logo\":{\"@type\":\"ImageObject\",\"inLanguage\":\"en-US\",\"@id\":\"https:\\\/\\\/oroyolivo.com\\\/en\\\/#\\\/schema\\\/logo\\\/image\\\/\",\"url\":\"https:\\\/\\\/oroyolivo.com\\\/wp-content\\\/uploads\\\/2026\\\/02\\\/Logo-OROYOLIVO_color@72x.png\",\"contentUrl\":\"https:\\\/\\\/oroyolivo.com\\\/wp-content\\\/uploads\\\/2026\\\/02\\\/Logo-OROYOLIVO_color@72x.png\",\"width\":842,\"height\":596,\"caption\":\"ORO Y OLIVO\"},\"image\":{\"@id\":\"https:\\\/\\\/oroyolivo.com\\\/en\\\/#\\\/schema\\\/logo\\\/image\\\/\"}}]}<\/script>\n<!-- \/ Yoast SEO plugin. -->","yoast_head_json":{"title":"LEGAL NOTICE - oroyolivo.com","robots":{"index":"index","follow":"follow","max-snippet":"max-snippet:-1","max-image-preview":"max-image-preview:large","max-video-preview":"max-video-preview:-1"},"canonical":"https:\/\/oroyolivo.com\/en\/legal-notice\/","og_locale":"en_US","og_type":"article","og_title":"LEGAL NOTICE - oroyolivo.com","og_description":"[vc_row][vc_column][vc_row_inner][vc_column_inner][vc_column_text css=&#8221;&#8221;] LEGAL NOTICE 1. Identifying data In compliance with the duty of information established in Article 10 of Law 34\/2002, of July 11, on Information Society Services and Electronic Commerce (LSSI-CE), it is reported that: Owner: Fernando Cifuentes Ba\u00f1\u00f3 ID (DNI): 52657973-W Address: Calle San Juan de \u00c1vila 18-1, 46810 Enguera (Valencia), Spain Email: [...]","og_url":"https:\/\/oroyolivo.com\/en\/legal-notice\/","og_site_name":"oroyolivo.com","article_modified_time":"2026-03-03T11:33:18+00:00","twitter_card":"summary_large_image","twitter_misc":{"Est. reading time":"1 minute"},"schema":{"@context":"https:\/\/schema.org","@graph":[{"@type":"WebPage","@id":"https:\/\/oroyolivo.com\/en\/legal-notice\/","url":"https:\/\/oroyolivo.com\/en\/legal-notice\/","name":"LEGAL NOTICE - oroyolivo.com","isPartOf":{"@id":"https:\/\/oroyolivo.com\/en\/#website"},"datePublished":"2026-02-25T14:22:22+00:00","dateModified":"2026-03-03T11:33:18+00:00","breadcrumb":{"@id":"https:\/\/oroyolivo.com\/en\/legal-notice\/#breadcrumb"},"inLanguage":"en-US","potentialAction":[{"@type":"ReadAction","target":["https:\/\/oroyolivo.com\/en\/legal-notice\/"]}]},{"@type":"BreadcrumbList","@id":"https:\/\/oroyolivo.com\/en\/legal-notice\/#breadcrumb","itemListElement":[{"@type":"ListItem","position":1,"name":"Portada","item":"https:\/\/oroyolivo.com\/en\/"},{"@type":"ListItem","position":2,"name":"LEGAL NOTICE"}]},{"@type":"WebSite","@id":"https:\/\/oroyolivo.com\/en\/#website","url":"https:\/\/oroyolivo.com\/en\/","name":"oroyolivo.com","description":"","publisher":{"@id":"https:\/\/oroyolivo.com\/en\/#organization"},"potentialAction":[{"@type":"SearchAction","target":{"@type":"EntryPoint","urlTemplate":"https:\/\/oroyolivo.com\/en\/?s={search_term_string}"},"query-input":{"@type":"PropertyValueSpecification","valueRequired":true,"valueName":"search_term_string"}}],"inLanguage":"en-US"},{"@type":"Organization","@id":"https:\/\/oroyolivo.com\/en\/#organization","name":"ORO Y OLIVO","url":"https:\/\/oroyolivo.com\/en\/","logo":{"@type":"ImageObject","inLanguage":"en-US","@id":"https:\/\/oroyolivo.com\/en\/#\/schema\/logo\/image\/","url":"https:\/\/oroyolivo.com\/wp-content\/uploads\/2026\/02\/Logo-OROYOLIVO_color@72x.png","contentUrl":"https:\/\/oroyolivo.com\/wp-content\/uploads\/2026\/02\/Logo-OROYOLIVO_color@72x.png","width":842,"height":596,"caption":"ORO Y OLIVO"},"image":{"@id":"https:\/\/oroyolivo.com\/en\/#\/schema\/logo\/image\/"}}]}},"_links":{"self":[{"href":"https:\/\/oroyolivo.com\/en\/wp-json\/wp\/v2\/pages\/538","targetHints":{"allow":["GET"]}}],"collection":[{"href":"https:\/\/oroyolivo.com\/en\/wp-json\/wp\/v2\/pages"}],"about":[{"href":"https:\/\/oroyolivo.com\/en\/wp-json\/wp\/v2\/types\/page"}],"author":[{"embeddable":true,"href":"https:\/\/oroyolivo.com\/en\/wp-json\/wp\/v2\/users\/3"}],"replies":[{"embeddable":true,"href":"https:\/\/oroyolivo.com\/en\/wp-json\/wp\/v2\/comments?post=538"}],"version-history":[{"count":3,"href":"https:\/\/oroyolivo.com\/en\/wp-json\/wp\/v2\/pages\/538\/revisions"}],"predecessor-version":[{"id":541,"href":"https:\/\/oroyolivo.com\/en\/wp-json\/wp\/v2\/pages\/538\/revisions\/541"}],"wp:attachment":[{"href":"https:\/\/oroyolivo.com\/en\/wp-json\/wp\/v2\/media?parent=538"}],"curies":[{"name":"wp","href":"https:\/\/api.w.org\/{rel}","templated":true}]}}